{"id":2121,"date":"2021-06-11T12:08:50","date_gmt":"2021-06-11T09:08:50","guid":{"rendered":"http:\/\/www.kilpailu.fi\/fi\/?page_id=2121"},"modified":"2021-06-11T12:45:44","modified_gmt":"2021-06-11T09:45:44","slug":"kotimaan-top-5-hiekkarannat","status":"publish","type":"page","link":"https:\/\/www.kilpailu.fi\/fi\/kotimaan-top-5-hiekkarannat\/","title":{"rendered":"Kotimaan TOP 5 hiekkarannat"},"content":{"rendered":"\n<div class=\"alignfull wp-block-ugb-container ugb-container ugb-950b5b5 ugb-container--v2 ugb-container--design-plain ugb-main-block ugb--hide-tablet ugb--hide-mobile ugb-main-block--inner-center ugb--has-block-background ugb--has-background-overlay\"><style>.ugb-950b5b5-wrapper > .ugb-container__side{padding-top:120px !important;padding-bottom:120px !important}.ugb-950b5b5-wrapper.ugb-container__wrapper{padding-top:0 !important;padding-bottom:0 !important}.ugb-950b5b5.ugb-container{background-color:#000000;background-attachment:fixed;background-image:url(http:\/\/www.kilpailu.fi\/fi\/wp-content\/uploads\/2021\/06\/sisalto-yyteri-hiekkaranta-kopio-scaled.jpg);background-position:top center;background-repeat:no-repeat;background-size:cover}.ugb-950b5b5.ugb-container:before{background-color:#000000;opacity:0}@media screen and (min-width:768px) and (max-width:1025px){.ugb-950b5b5.ugb-container{margin-top:0px !important;padding-top:0px !important}}<\/style><div class=\"ugb-inner-block ugb-inner-block--center\"><div class=\"ugb-block-content\"><div class=\"ugb-container__wrapper ugb-950b5b5-wrapper\"><div class=\"ugb-container__side\"><div class=\"ugb-container__content-wrapper ugb-950b5b5-content-wrapper\">\n<div class=\"wp-block-ugb-columns ugb-columns ugb-cb8a794 ugb-columns--design-plain ugb-columns--columns-2 ugb-main-block\"><style>.ugb-cb8a794-content-wrapper > .ugb-column{align-items:flex-start !important}.ugb-cb8a794-content-wrapper > .ugb-column > .ugb-inner-block{height:auto !important}@media screen and (min-width:768px){.ugb-cb8a794.ugb-columns{margin-top:-60px !important;margin-bottom:35px !important;padding-left:0px !important}}<\/style><div class=\"ugb-inner-block\"><div class=\"ugb-block-content\"><div class=\"ugb-columns__item ugb-cb8a794-content-wrapper\">\n<div class=\"wp-block-ugb-column ugb-column ugb-a519d55 ugb-column--design-plain ugb-main-block\"><style>@media screen and (min-width:768px){.ugb-a519d55.ugb-column{margin-left:0px !important;padding-left:55px !important}}@media screen and (min-width:768px) and (max-width:1025px){.ugb-a519d55.ugb-column{margin-top:0px !important;padding-top:0px !important}}<\/style><div class=\"ugb-inner-block\"><div class=\"ugb-block-content\"><div class=\"ugb-column__item ugb-a519d55-column-wrapper\"><div class=\"ugb-column__content-wrapper\">\n<script>\n    var _lsq = _lsq || [];\n    _lsq.push(\n        ['_container', '1000e'],\n        ['_theme', 'yyteriloma'],\n        ['_affiliate', 'yfjs']\n    );\n    (function () {var ra=document.createElement('script');ra.type='text\/javascript';ra.async=true;ra.src='https:\/\/uusi.kilpailu.fi\/js\/questionApplication.js?v='+(+new Date());var s=document.getElementsByTagName('script')[0];s.parentNode.insertBefore(ra, s);})();\n<\/script>\n\n<div id=\"questionApplication\"><\/div>\n<div class=\"wp-block-ugb-heading ugb-heading ugb- ugb-main-block ugb--has-custom-content-width\"><style>.ugb-heading__title{color:var(--global-palette4,#083769);font-family:\"Reem Kufi\",Sans-serif !important;font-size:64px !important;font-weight:700 !important;line-height:1.1em !important;text-align:left}.ugb-heading{opacity:1 !important}.ugb-heading > .ugb-inner-block{max-width:2500px !important}@media screen and (min-width:768px){.ugb-heading{margin-right:90px !important}}@media screen and (max-width:1025px){.ugb-heading__title{font-size:50px !important}}@media screen and (min-width:768px) and (max-width:1025px){.ugb-heading{margin-top:0px !important;padding-top:0px !important}}<\/style><div class=\"ugb-inner-block\"><div class=\"ugb-block-content\"><h1 class=\"ugb-heading__title\">Uniikeimmat kotimaan hiekkarannat, joissa jokaisen tulisi k\u00e4yd\u00e4.<\/h1><p class=\"ugb-heading__subtitle\">Unelmoitko hiekkarantalomasta? Koe n\u00e4m\u00e4 uniikeimmat hiekkarantakohteet kotimaassa t\u00e4n\u00e4 kes\u00e4n\u00e4. Lue ja inspiroidu!<br><br><strong>1. Laajimmat yhten\u00e4iset hiekkadyynit &#8211; Yyteri<\/strong><br>Yyteri on yksi Suomen tunnetuimmista hiekkarannoista, eik\u00e4 suotta &#8211; kuuden kilometrin mittainen ranta hyvill\u00e4 ja monipuolisilla palveluilla saa satoja suomalaisin vierailemaan Yyteriss\u00e4 vuosittain. <br><br>Yyterin dyynit ovat laajimmat yhten\u00e4iset hiekkadyynit Suomessa, sis\u00e4lt\u00e4en nelj\u00e4\u00e4 eri dyynityyppi\u00e4. Dyynityyppien harvinaisuuden takia Yyterin ranta on osa luonnonsuojelualuetta ja esim. dyynien ylik\u00e4vely\u00e4 sek\u00e4 koirien p\u00e4\u00e4sy\u00e4 alueelle on rajoitettu. Ranta tarjoaa vierailijoille hyv\u00e4t palvelut, sill\u00e4 rannalla on vieraiden k\u00e4yt\u00f6ss\u00e4 olevat pukeutumis- ja wc-tilat.&nbsp;<br><br>Osallistu Yyteri-kampanjaamme, jossa voit voittaa viikon rantaloman Yyteriss\u00e4!&nbsp;<br><br><strong><a href=\"https:\/\/uusi.kilpailu.fi\/voita\/1000e\/yyteriloma\/yfjs?utm_source=sisaltoyyteri&amp;utm_medium=Paid&amp;utm_campaign=yyteriloma&amp;utm_content=sisaltoyyteri2\"><span style=\"color: #ff6900;\" class=\"ugb-highlight\">Osallistu arvontaan t\u00e4st\u00e4<\/span><\/a>!&nbsp;<\/strong><br><br><strong>2. Pisin hiekkaranta Vattaja<\/strong><br>Monien paikallisten suosikki Vattajan ranta on Suomen pisin ranta 15 kilometrin pituudellaan. Muuten vain v\u00e4h\u00e4n tunnettu ranta on ainutlaatuinen maisemallisesti my\u00f6s Euroopan mittapuilla. <br><br>Sen tunnettavuutta on alentanut Suomen puolustusvoimien Vattajanniemen ranta-alueen k\u00e4ytt\u00f6 sek\u00e4 palvelujen puuttuvuus. Palveluina toimivat vain n\u00e4k\u00f6torni ja kioski. Vattaja&nbsp;sopii luonnosta nauttivalle sill\u00e4&nbsp;hiekkaranta on liki luonnontilassa oleva.&nbsp;<br><br><strong>3. Suosituin kaupunkihiekkaranta Hietsu<\/strong><br>Hietaniemenranta eli Hietsu on&nbsp;Helsingin&nbsp;suosituimpia rantoja &#8211; matalan rannan, hyv\u00e4n sijannin sek\u00e4 ison rantaosuuden takia se on hurmannut kaupunkilaiset pauloihinsa. Hietaniemenrannalla on my\u00f6s lasten leikkipaikka ja aivan rannan vieress\u00e4 sijaitsee kahvila. <br><br>Kuumina kes\u00e4p\u00e4ivin\u00e4 Hietaniemen uimaranta on vilkas ja t\u00e4ynn\u00e4 el\u00e4m\u00e4\u00e4! Ranta on suosittu beach volley -pelaajien keskuudessa. Hietarantaan p\u00e4\u00e4see helposti Helsingin keskustasta bussilla 24, jolla on kaksi pys\u00e4kki\u00e4 rannan tuntumassa.&nbsp;<br><br><strong>4. Lapin j\u00e4rvien hiekkarannat<\/strong><br>Polski Lapin kirkkaissa vesiss\u00e4 niin Bealdoj\u00e1vri Inarissa ett\u00e4 Hietaj\u00e4rvi Enontekij\u00f6iden l\u00e4hell\u00e4 ovat uniikkeja er\u00e4matkailijan kohteita. Bealdoj\u00e1vri tai Peltoj\u00e4rvi on kuusi kilometri\u00e4 pitk\u00e4 matkailijan unelmakohde. Rauhaisa hiekkaranta tunturien katveessa tuo keidasmaisen tunnelman j\u00e4rvelle. Peltoj\u00e4rvi on uniikki kohde sen sen avaruuden, tunturimaiseman sek\u00e4 hiekkarantansa takia.<br><br>Hietaj\u00e4rven hiekkaranta Pallas-Yll\u00e4stunturin kansallispuistossa on rauhaisa hiekkakeidas turkoosij\u00e4rvimaisemallaan. Enontekij\u00f6iden l\u00e4hell\u00e4 sijaitseva j\u00e4rvi on rauhaisaa rantaa etsiv\u00e4n aarre, jopa l\u00e4heisin pys\u00e4k\u00f6inti-alue on kolmen kilometrin p\u00e4\u00e4ss\u00e4. Muuten ranta ei tuota pettymyksi\u00e4 &#8211; vaalea hieno hiekka, turkoosi vesi ja rauhaisa maisema lepytt\u00e4\u00e4 mielt\u00e4.<br><br><strong>5. Historiallinen hiekkaranta Suomenlinnassa<\/strong><br>Tiesitk\u00f6 ett\u00e4 Suomenlinnassa l\u00f6ytyy pieni hiekkaranta? &nbsp;Suojaisessa lahdenpoukamassa sijaitseva ranta on vieh\u00e4tt\u00e4v\u00e4 uimapaikka, jossa p\u00e4\u00e4see virkist\u00e4ytym\u00e4\u00e4n meress\u00e4 sek\u00e4 ottamaan aurinkoa l\u00e4heisill\u00e4 kallioilla.<br><br>Helsingin edustalla sijaitseva Suomenlinna on merilinnoitus, jota&nbsp;alettiin rakentaa Ruotsin vallan aikana jo vuonna 1748.&nbsp;<br><br>Her\u00e4sik\u00f6 kiinnostus jotakin rantakohdetta kohtaan? Kuten aiemmin mainitsin, meill\u00e4 on arvonta, josta voit voittaa rantaloman Yyterilt\u00e4. Osallistuaksesi arvontaan sinun t\u00e4ytyy vain sy\u00f6tt\u00e4\u00e4 omat yhteystietosi ja vastata muutamaan kysymykseen. Arvontaan osallistuminen vie muutaman minuutin.<br><br><strong><a href=\"https:\/\/uusi.kilpailu.fi\/voita\/1000e\/yyteriloma\/yfjs?utm_source=sisaltoyyteri&amp;utm_medium=Paid&amp;utm_campaign=yyteriloma&amp;utm_content=sisaltoyyteri2\"><span style=\"color: #ff6900;\" class=\"ugb-highlight\">Osallistu arvontaan nyt<\/span><\/a> ja voita Yyterin rantaloma!&nbsp;<\/strong><br><\/p><\/div><\/div><\/div>\n<\/div><\/div><\/div><\/div><\/div>\n\n\n\n<div class=\"wp-block-ugb-column ugb-column ugb-5467850 ugb-column--design-plain ugb-main-block\"><div class=\"ugb-inner-block\"><div class=\"ugb-block-content\"><div class=\"ugb-column__item ugb-5467850-column-wrapper\"><div class=\"ugb-column__content-wrapper\"><\/div><\/div><\/div><\/div><\/div>\n<\/div><\/div><\/div><\/div>\n<\/div><\/div><\/div><\/div><\/div><\/div>\n\n\n\n<div class=\"wp-block-ugb-image-box ugb-image-box ugb-a5dd678 ugb-image-box--v4 ugb-image-box--columns-1 ugb-image-box--design-plain ugb-image-box--align-center ugb-main-block ugb--hide-desktop\"><style>.ugb-a5dd678 .ugb-image-box__box{border-radius:0px !important}.ugb-a5dd678 .ugb-image-box__item{height:450px !important;justify-content:center !important}.ugb-a5dd678 .ugb-image-box__item1 .ugb-image-box__image{background-image:url(http:\/\/www.kilpailu.fi\/fi\/wp-content\/uploads\/2021\/06\/Depositphotos_282789346_xl-2015-scaled.jpg)}.ugb-a5dd678 .ugb-image-box__image{background-position:center center !important;background-repeat:no-repeat !important}.ugb-a5dd678 .ugb-inner-block{text-align:center}@media screen and (min-width:768px){.ugb-a5dd678.ugb-image-box{margin-top:0px !important;margin-bottom:0px !important;margin-right:0px !important;margin-left:0px !important;padding-top:0px !important;padding-right:0px !important;padding-bottom:0px !important;padding-left:0px !important}}@media screen and (min-width:768px) and (max-width:1025px){.ugb-a5dd678 .ugb-image-box__item{height:300px !important}.ugb-a5dd678.ugb-image-box{margin-right:-40px !important;margin-left:-40px !important;margin-top:0px !important;margin-bottom:0px !important;padding-top:0px !important;padding-right:0px !important;padding-bottom:0px !important;padding-left:0px !important}}@media screen and (max-width:768px){.ugb-a5dd678 .ugb-image-box__item{height:300px !important}.ugb-a5dd678 .ugb-inner-block{text-align:center}.ugb-a5dd678.ugb-image-box{margin-right:-40px !important;margin-left:-40px !important;margin-top:0px !important;margin-bottom:0px !important;padding-top:0px !important;padding-right:0px !important;padding-bottom:0px !important;padding-left:0px !important}}@media screen and (min-width:768px){.ugb-a5dd678 > .ugb-inner-block > .ugb-block-content > *{padding-top:0px !important;padding-bottom:0px !important;padding-right:0px !important;padding-left:0px !important}}@media screen and (max-width:768px){.ugb-a5dd678 > .ugb-inner-block > .ugb-block-content > *{padding-top:0px !important;padding-right:0px !important;padding-bottom:0px !important;padding-left:0px !important}}<\/style><div class=\"ugb-inner-block\"><div class=\"ugb-block-content\"><div class=\"ugb-image-box__item ugb-image-box__item1 ugb-image-box__box ugb--shadow-0\"><div class=\"ugb-image-box__box ugb-image-box__image-wrapper\"><div class=\"ugb-image-box__box ugb-image-box__image\" role=\"img\" aria-label=\"\"><\/div><\/div><div class=\"ugb-image-box__content\"><\/div><\/div><\/div><\/div><\/div>\n\n\n\n<div class=\"wp-block-ugb-text ugb-text ugb-912b986 ugb-text--design-plain ugb-text--columns-1 ugb-main-block ugb--hide-desktop\"><style>.ugb-912b986 .ugb-text__title{color:#083769;font-family:\"Reem Kufi\",Sans-serif !important;font-size:44px !important;font-weight:700 !important;letter-spacing:0px !important;line-height:1.2em !important}.ugb-912b986.ugb-text{z-index:2 !important;opacity:1 !important}@media screen and (min-width:768px) and (max-width:1025px){.ugb-912b986.ugb-text{margin-top:0px !important;padding-top:30px !important}}<\/style><div class=\"ugb-inner-block\"><div class=\"ugb-block-content\"><div class=\"ugb-text__title-wrapper\"><h2 class=\"ugb-text__title\">Uniikeimmat kotimaan hiekkarannat, joissa jokaisen tulisi k\u00e4yd\u00e4.<\/h2><\/div><div class=\"ugb-text__text-wrapper\"><div class=\"ugb-text__text\"><p class=\"ugb-text__text-1\">Unelmoitko hiekkarantalomasta? Koe n\u00e4m\u00e4 uniikeimmat hiekkarantakohteet kotimaassa t\u00e4n\u00e4 kes\u00e4n\u00e4. Lue ja inspiroidu!<br><br><strong>1. Laajimmat yhten\u00e4iset hiekkadyynit &#8211; Yyteri<\/strong><br>Yyteri on yksi Suomen tunnetuimmista hiekkarannoista, eik\u00e4 suotta &#8211; kuuden kilometrin mittainen ranta hyvill\u00e4 ja monipuolisilla palveluilla saa satoja suomalaisin vierailemaan Yyteriss\u00e4 vuosittain.\u00a0<br><br>Yyterin dyynit ovat laajimmat yhten\u00e4iset hiekkadyynit Suomessa, sis\u00e4lt\u00e4en nelj\u00e4\u00e4 eri dyynityyppi\u00e4. Dyynityyppien harvinaisuuden takia Yyterin ranta on osa luonnonsuojelualuetta ja esim. dyynien ylik\u00e4vely\u00e4 sek\u00e4 koirien p\u00e4\u00e4sy\u00e4 alueelle on rajoitettu. Ranta tarjoaa vierailijoille hyv\u00e4t palvelut, sill\u00e4 rannalla on vieraiden k\u00e4yt\u00f6ss\u00e4 olevat pukeutumis- ja wc-tilat.<br><br>Kiinnostaisiko l\u00e4hte\u00e4 Yyteriin? Meill\u00e4 on nimitt\u00e4in arvonta, josta voit voittaa Yyterin rantaloman. Voit osallistua arvontaan vastaamalla nopeaan kyselyymme.\u00a0<br><br><strong><a href=\"https:\/\/uusi.kilpailu.fi\/voita\/1000e\/yyteriloma\/yfjs?utm_source=sisaltoyyteri&amp;utm_medium=Paid&amp;utm_campaign=yyterilomam&amp;utm_content=yyterilomam2\"><span style=\"color: #ff6900;\" class=\"ugb-highlight\">Osallistu arvontaan t\u00e4st\u00e4<\/span><\/a> ja voita Yyterin rantaloma!\u00a0<\/strong><br><br><strong>2. Pisin hiekkaranta Vattaja<\/strong><br>Monien paikallisten suosikki Vattajan ranta on Suomen pisin ranta 15 kilometrin pituudellaan. Muuten vain v\u00e4h\u00e4n tunnettu ranta on ainutlaatuinen maisemallisesti my\u00f6s Euroopan mittapuilla.<br><br>Sen tunnettavuutta on alentanut Suomen puolustusvoimien Vattajanniemen ranta-alueen k\u00e4ytt\u00f6 sek\u00e4 palvelujen puuttuvuus. Palveluina toimivat vain n\u00e4k\u00f6torni ja kioski. Vattaja\u00a0sopii luonnosta nauttivalle sill\u00e4\u00a0hiekkaranta on liki luonnontilassa oleva.\u00a0<br><br><strong>3. Suosituin kaupunkihiekkaranta Hietsu<\/strong><br>Hietaniemenranta eli Hietsu on\u00a0Helsingin\u00a0suosituimpia rantoja &#8211; matalan rannan, hyv\u00e4n sijannin sek\u00e4 ison rantaosuuden takia se on hurmannut kaupunkilaiset pauloihinsa. Hietaniemenrannalla on my\u00f6s lasten leikkipaikka ja aivan rannan vieress\u00e4 sijaitsee kahvila.<br><br>Kuumina kes\u00e4p\u00e4ivin\u00e4 Hietaniemen uimaranta on vilkas ja t\u00e4ynn\u00e4 el\u00e4m\u00e4\u00e4! Ranta on suosittu beach volley -pelaajien keskuudessa. Hietarantaan p\u00e4\u00e4see helposti Helsingin keskustasta bussilla 24, jolla on kaksi pys\u00e4kki\u00e4 rannan tuntumassa.\u00a0<br><br><strong>4. Lapin j\u00e4rvien hiekkarannat<\/strong><br>Polski Lapin kirkkaissa vesiss\u00e4 niin Bealdoj\u00e1vri Inarissa ett\u00e4 Hietaj\u00e4rvi Enontekij\u00f6iden l\u00e4hell\u00e4 ovat uniikkeja er\u00e4matkailijan kohteita. Bealdoj\u00e1vri tai Peltoj\u00e4rvi on kuusi kilometri\u00e4 pitk\u00e4 matkailijan unelmakohde. Rauhaisa hiekkaranta tunturien katveessa tuo keidasmaisen tunnelman j\u00e4rvelle. Peltoj\u00e4rvi on uniikki kohde sen sen avaruuden, tunturimaiseman sek\u00e4 hiekkarantansa takia. <br><br>Hietaj\u00e4rven hiekkaranta Pallas-Yll\u00e4stunturin kansallispuistossa on rauhaisa hiekkakeidas turkoosij\u00e4rvimaisemallaan. Enontekij\u00f6iden l\u00e4hell\u00e4 sijaitseva j\u00e4rvi on rauhaisaa rantaa etsiv\u00e4n aarre, jopa l\u00e4heisin pys\u00e4k\u00f6inti-alue on kolmen kilometrin p\u00e4\u00e4ss\u00e4. Muuten ranta ei tuota pettymyksi\u00e4 &#8211; vaalea hieno hiekka, turkoosi vesi ja rauhaisa maisema lepytt\u00e4\u00e4 mielt\u00e4.<br><br><strong>5. Historiallinen hiekkaranta Suomenlinnassa<\/strong><br>Tiesitk\u00f6 ett\u00e4 Suomenlinnassa l\u00f6ytyy pieni hiekkaranta? \u00a0Suojaisessa lahdenpoukamassa sijaitseva ranta on vieh\u00e4tt\u00e4v\u00e4 uimapaikka, jossa p\u00e4\u00e4see virkist\u00e4ytym\u00e4\u00e4n meress\u00e4 sek\u00e4 ottamaan aurinkoa l\u00e4heisill\u00e4 kallioilla. <br><br>Helsingin edustalla sijaitseva Suomenlinna on merilinnoitus, jota\u00a0alettiin rakentaa Ruotsin vallan aikana jo vuonna 1748.<br><br>Her\u00e4sik\u00f6 kiinnostus jotakin rantakohdetta kohtaan? Kuten aiemmin mainitsin, meill\u00e4 on arvonta, josta voit voittaa rantaloman Yyterilt\u00e4. Osallistuaksesi arvontaan sinun t\u00e4ytyy vain sy\u00f6tt\u00e4\u00e4 omat yhteystietosi ja vastata muutamaan kysymykseen. Arvontaan osallistuminen vie muutaman minuutin.<br><br><strong><a href=\"https:\/\/uusi.kilpailu.fi\/voita\/1000e\/yyteriloma\/yfjs?utm_source=sisaltoyyteri&amp;utm_medium=Paid&amp;utm_campaign=yyterilomam&amp;utm_content=yyterilomam2\"><span style=\"color: #ff6900;\" class=\"ugb-highlight\">Osallistu arvontaan nyt<\/span><\/a> ja voita m\u00f6kki viikoksi Kolilta!\u00a0<\/strong><br><\/p><\/div><\/div><\/div><\/div><\/div>\n\n\n\n<p><\/p>\n","protected":false},"excerpt":{"rendered":"","protected":false},"author":1,"featured_media":0,"parent":0,"menu_order":0,"comment_status":"closed","ping_status":"closed","template":"","meta":[],"featured_image_urls":{"full":"","thumbnail":"","medium":"","medium_large":"","large":"","1536x1536":"","2048x2048":""},"post_excerpt_stackable":"<p>Uniikeimmat kotimaan hiekkarannat, joissa jokaisen tulisi k\u00e4yd\u00e4.Unelmoitko hiekkarantalomasta? Koe n\u00e4m\u00e4 uniikeimmat hiekkarantakohteet kotimaassa t\u00e4n\u00e4 kes\u00e4n\u00e4. Lue ja inspiroidu!1. Laajimmat yhten\u00e4iset hiekkadyynit &#8211; YyteriYyteri on yksi Suomen tunnetuimmista hiekkarannoista, eik\u00e4 suotta &#8211; kuuden kilometrin mittainen ranta hyvill\u00e4 ja monipuolisilla palveluilla saa satoja suomalaisin vierailemaan Yyteriss\u00e4 vuosittain. Yyterin dyynit ovat laajimmat yhten\u00e4iset hiekkadyynit Suomessa, sis\u00e4lt\u00e4en nelj\u00e4\u00e4 eri dyynityyppi\u00e4. Dyynityyppien harvinaisuuden takia Yyterin ranta on osa luonnonsuojelualuetta ja esim. dyynien ylik\u00e4vely\u00e4 sek\u00e4 koirien p\u00e4\u00e4sy\u00e4 alueelle on rajoitettu. Ranta tarjoaa vierailijoille hyv\u00e4t palvelut, sill\u00e4 rannalla on vieraiden k\u00e4yt\u00f6ss\u00e4 olevat pukeutumis- ja wc-tilat.&nbsp;Osallistu Yyteri-kampanjaamme, jossa voit voittaa viikon rantaloman Yyteriss\u00e4!&nbsp;Osallistu arvontaan t\u00e4st\u00e4!&nbsp;2. Pisin hiekkaranta VattajaMonien&hellip;<\/p>\n","category_list":"","author_info":{"name":"sivustoadmin","url":"https:\/\/www.kilpailu.fi\/fi\/author\/sivustoadmin\/"},"comments_num":"0 comments","yoast_head":"<!-- This site is optimized with the Yoast SEO plugin v15.6.2 - https:\/\/yoast.com\/wordpress\/plugins\/seo\/ -->\n<title>Kotimaan TOP 5 hiekkarannat -<\/title>\n<meta name=\"robots\" content=\"index, follow, max-snippet:-1, max-image-preview:large, max-video-preview:-1\" \/>\n<link rel=\"canonical\" href=\"https:\/\/www.kilpailu.fi\/fi\/kotimaan-top-5-hiekkarannat\/\" \/>\n<meta property=\"og:locale\" content=\"fi_FI\" \/>\n<meta property=\"og:type\" content=\"article\" \/>\n<meta property=\"og:title\" content=\"Kotimaan TOP 5 hiekkarannat -\" \/>\n<meta property=\"og:url\" content=\"https:\/\/www.kilpailu.fi\/fi\/kotimaan-top-5-hiekkarannat\/\" \/>\n<meta property=\"article:publisher\" content=\"https:\/\/www.facebook.com\/kilpailufi\" \/>\n<meta property=\"article:modified_time\" content=\"2021-06-11T09:45:44+00:00\" \/>\n<meta property=\"og:image\" content=\"https:\/\/www.kilpailu.fi\/fi\/wp-content\/uploads\/2021\/02\/kilpailufi-logo-k.jpg\" \/>\n\t<meta property=\"og:image:width\" content=\"486\" \/>\n\t<meta property=\"og:image:height\" content=\"486\" \/>\n<meta name=\"twitter:card\" content=\"summary_large_image\" \/>\n<meta name=\"twitter:label1\" content=\"Est. reading time\">\n\t<meta name=\"twitter:data1\" content=\"5 minuuttia\">\n<script type=\"application\/ld+json\" class=\"yoast-schema-graph\">{\"@context\":\"https:\/\/schema.org\",\"@graph\":[{\"@type\":\"WebSite\",\"@id\":\"https:\/\/www.kilpailu.fi\/fi\/#website\",\"url\":\"https:\/\/www.kilpailu.fi\/fi\/\",\"name\":\"\",\"description\":\"\",\"potentialAction\":[{\"@type\":\"SearchAction\",\"target\":\"https:\/\/www.kilpailu.fi\/fi\/?s={search_term_string}\",\"query-input\":\"required name=search_term_string\"}],\"inLanguage\":\"fi\"},{\"@type\":\"WebPage\",\"@id\":\"https:\/\/www.kilpailu.fi\/fi\/kotimaan-top-5-hiekkarannat\/#webpage\",\"url\":\"https:\/\/www.kilpailu.fi\/fi\/kotimaan-top-5-hiekkarannat\/\",\"name\":\"Kotimaan TOP 5 hiekkarannat -\",\"isPartOf\":{\"@id\":\"https:\/\/www.kilpailu.fi\/fi\/#website\"},\"datePublished\":\"2021-06-11T09:08:50+00:00\",\"dateModified\":\"2021-06-11T09:45:44+00:00\",\"inLanguage\":\"fi\",\"potentialAction\":[{\"@type\":\"ReadAction\",\"target\":[\"https:\/\/www.kilpailu.fi\/fi\/kotimaan-top-5-hiekkarannat\/\"]}]}]}<\/script>\n<!-- \/ Yoast SEO plugin. -->","_links":{"self":[{"href":"https:\/\/www.kilpailu.fi\/fi\/wp-json\/wp\/v2\/pages\/2121"}],"collection":[{"href":"https:\/\/www.kilpailu.fi\/fi\/wp-json\/wp\/v2\/pages"}],"about":[{"href":"https:\/\/www.kilpailu.fi\/fi\/wp-json\/wp\/v2\/types\/page"}],"author":[{"embeddable":true,"href":"https:\/\/www.kilpailu.fi\/fi\/wp-json\/wp\/v2\/users\/1"}],"replies":[{"embeddable":true,"href":"https:\/\/www.kilpailu.fi\/fi\/wp-json\/wp\/v2\/comments?post=2121"}],"version-history":[{"count":18,"href":"https:\/\/www.kilpailu.fi\/fi\/wp-json\/wp\/v2\/pages\/2121\/revisions"}],"predecessor-version":[{"id":2149,"href":"https:\/\/www.kilpailu.fi\/fi\/wp-json\/wp\/v2\/pages\/2121\/revisions\/2149"}],"wp:attachment":[{"href":"https:\/\/www.kilpailu.fi\/fi\/wp-json\/wp\/v2\/media?parent=2121"}],"curies":[{"name":"wp","href":"https:\/\/api.w.org\/{rel}","templated":true}]}}